{"id":179,"date":"2019-03-17T07:00:57","date_gmt":"2019-03-17T06:00:57","guid":{"rendered":"http:\/\/www.tanja-contino.de\/?page_id=179"},"modified":"2025-10-20T19:09:48","modified_gmt":"2025-10-20T17:09:48","slug":"bildergalerie","status":"publish","type":"page","link":"https:\/\/www.contino-tour.de\/?page_id=179","title":{"rendered":"Bildergalerie"},"content":{"rendered":"<h3><span style=\"color: #ff0000;\"><a style=\"color: #ff0000;\" href=\"#neu\"><span style=\"font-size: 12pt;\"><span style=\"color: #000000;\">Neuste Galerie<\/span>:<\/span> Balkan 4.0 completed<\/a><\/span><\/h3>\n<h3 style=\"text-align: center;\"><a href=\"https:\/\/www.contino-tour.de\/?page_id=293\">Alpentour 2012\u00a0 (S\u00fcdtirol)<\/a><\/h3>\n<p><a href=\"https:\/\/www.contino-tour.de\/?page_id=293\"><img loading=\"lazy\" decoding=\"async\" class=\"size-medium wp-image-301 aligncenter\" src=\"https:\/\/www.contino-tour.de\/wp-content\/uploads\/2019\/03\/IMG_1505-300x225.jpg\" alt=\"\" width=\"300\" height=\"225\" srcset=\"https:\/\/www.contino-tour.de\/wp-content\/uploads\/2019\/03\/IMG_1505-300x225.jpg 300w, https:\/\/www.contino-tour.de\/wp-content\/uploads\/2019\/03\/IMG_1505-768x576.jpg 768w, https:\/\/www.contino-tour.de\/wp-content\/uploads\/2019\/03\/IMG_1505.jpg 1024w\" sizes=\"auto, (max-width: 300px) 100vw, 300px\" \/><\/a><\/p>\n<hr \/>\n<h3 style=\"text-align: center;\"><a href=\"https:\/\/www.contino-tour.de\/?page_id=322\">Allg\u00e4u 2015<\/a><\/h3>\n<p><a href=\"https:\/\/www.contino-tour.de\/?page_id=322\"><img loading=\"lazy\" decoding=\"async\" class=\"size-medium wp-image-323 aligncenter\" src=\"https:\/\/www.contino-tour.de\/wp-content\/uploads\/2019\/03\/IMG_3350-300x225.jpg\" alt=\"\" width=\"300\" height=\"225\" srcset=\"https:\/\/www.contino-tour.de\/wp-content\/uploads\/2019\/03\/IMG_3350-300x225.jpg 300w, https:\/\/www.contino-tour.de\/wp-content\/uploads\/2019\/03\/IMG_3350-768x576.jpg 768w, https:\/\/www.contino-tour.de\/wp-content\/uploads\/2019\/03\/IMG_3350.jpg 1024w\" sizes=\"auto, (max-width: 300px) 100vw, 300px\" \/><\/a><\/p>\n<hr \/>\n<h3 style=\"text-align: center;\"><a href=\"https:\/\/www.contino-tour.de\/?page_id=847\">08\/15 Tour (Tirol\/S\u00fcdtirol) <\/a><\/h3>\n<p><a href=\"https:\/\/www.contino-tour.de\/?page_id=847\"><img loading=\"lazy\" decoding=\"async\" class=\"size-medium wp-image-379 aligncenter\" src=\"https:\/\/www.contino-tour.de\/wp-content\/uploads\/2019\/03\/IMG_3539-300x225.jpg\" alt=\"\" width=\"300\" height=\"225\" srcset=\"https:\/\/www.contino-tour.de\/wp-content\/uploads\/2019\/03\/IMG_3539-300x225.jpg 300w, https:\/\/www.contino-tour.de\/wp-content\/uploads\/2019\/03\/IMG_3539-768x576.jpg 768w, https:\/\/www.contino-tour.de\/wp-content\/uploads\/2019\/03\/IMG_3539.jpg 1024w\" sizes=\"auto, (max-width: 300px) 100vw, 300px\" \/><\/a><\/p>\n<hr \/>\n<h3 style=\"text-align: center;\"><a href=\"https:\/\/www.contino-tour.de\/?page_id=1027\">DAS LOHRI 2017<\/a><\/h3>\n<p><a href=\"https:\/\/www.contino-tour.de\/?page_id=1027\"><img loading=\"lazy\" decoding=\"async\" class=\"size-medium wp-image-538 aligncenter\" src=\"https:\/\/www.contino-tour.de\/wp-content\/uploads\/2019\/03\/IMG_3933-300x225.jpg\" alt=\"\" width=\"300\" height=\"225\" srcset=\"https:\/\/www.contino-tour.de\/wp-content\/uploads\/2019\/03\/IMG_3933-300x225.jpg 300w, https:\/\/www.contino-tour.de\/wp-content\/uploads\/2019\/03\/IMG_3933-768x576.jpg 768w, https:\/\/www.contino-tour.de\/wp-content\/uploads\/2019\/03\/IMG_3933.jpg 1024w\" sizes=\"auto, (max-width: 300px) 100vw, 300px\" \/><\/a><\/p>\n<hr \/>\n<h3 style=\"text-align: center;\"><a href=\"https:\/\/www.contino-tour.de\/?page_id=571\">Vater &amp; Sohn 2017<\/a><\/h3>\n<p><a href=\"https:\/\/www.contino-tour.de\/?page_id=571\"><img loading=\"lazy\" decoding=\"async\" class=\"size-medium wp-image-574 aligncenter\" src=\"https:\/\/www.contino-tour.de\/wp-content\/uploads\/2019\/03\/IMG_4179-300x225.jpg\" alt=\"\" width=\"300\" height=\"225\" srcset=\"https:\/\/www.contino-tour.de\/wp-content\/uploads\/2019\/03\/IMG_4179-300x225.jpg 300w, https:\/\/www.contino-tour.de\/wp-content\/uploads\/2019\/03\/IMG_4179-768x576.jpg 768w, https:\/\/www.contino-tour.de\/wp-content\/uploads\/2019\/03\/IMG_4179.jpg 1024w\" sizes=\"auto, (max-width: 300px) 100vw, 300px\" \/><\/a><\/p>\n<hr \/>\n<h3 style=\"text-align: center;\"><a href=\"https:\/\/www.contino-tour.de\/?page_id=917\">Magarac-Tour 2018<\/a><\/h3>\n<p><a href=\"https:\/\/www.contino-tour.de\/?page_id=917\"><img loading=\"lazy\" decoding=\"async\" class=\"size-medium wp-image-634 aligncenter\" src=\"https:\/\/www.contino-tour.de\/wp-content\/uploads\/2019\/04\/IMG_4385-300x169.jpg\" alt=\"\" width=\"300\" height=\"169\" srcset=\"https:\/\/www.contino-tour.de\/wp-content\/uploads\/2019\/04\/IMG_4385-300x169.jpg 300w, https:\/\/www.contino-tour.de\/wp-content\/uploads\/2019\/04\/IMG_4385-768x434.jpg 768w, https:\/\/www.contino-tour.de\/wp-content\/uploads\/2019\/04\/IMG_4385.jpg 1024w\" sizes=\"auto, (max-width: 300px) 100vw, 300px\" \/><\/a><\/p>\n<hr \/>\n<h3 style=\"text-align: center;\"><a href=\"https:\/\/www.contino-tour.de\/?page_id=1909\">Balkan-Tour 2019<\/a><\/h3>\n<p><a href=\"https:\/\/www.contino-tour.de\/?page_id=1909\"><img loading=\"lazy\" decoding=\"async\" class=\"wp-image-1488 size-medium aligncenter\" src=\"https:\/\/www.contino-tour.de\/wp-content\/uploads\/2019\/03\/IMG_4733-300x225.jpg\" alt=\"\" width=\"300\" height=\"225\" srcset=\"https:\/\/www.contino-tour.de\/wp-content\/uploads\/2019\/03\/IMG_4733-300x225.jpg 300w, https:\/\/www.contino-tour.de\/wp-content\/uploads\/2019\/03\/IMG_4733-768x576.jpg 768w, https:\/\/www.contino-tour.de\/wp-content\/uploads\/2019\/03\/IMG_4733.jpg 1024w\" sizes=\"auto, (max-width: 300px) 100vw, 300px\" \/><\/a><\/p>\n<hr \/>\n<h3 style=\"text-align: center;\"><a href=\"https:\/\/www.contino-tour.de\/?page_id=2105\">C3-Tour 2019<\/a><\/h3>\n<p><a href=\"https:\/\/www.contino-tour.de\/?page_id=2105\"><img loading=\"lazy\" decoding=\"async\" class=\"wp-image-1937 size-medium aligncenter\" src=\"https:\/\/www.contino-tour.de\/wp-content\/uploads\/2019\/08\/Hotel-300x168.jpg\" alt=\"\" width=\"300\" height=\"168\" srcset=\"https:\/\/www.contino-tour.de\/wp-content\/uploads\/2019\/08\/Hotel-300x168.jpg 300w, https:\/\/www.contino-tour.de\/wp-content\/uploads\/2019\/08\/Hotel-768x431.jpg 768w, https:\/\/www.contino-tour.de\/wp-content\/uploads\/2019\/08\/Hotel.jpg 1024w\" sizes=\"auto, (max-width: 300px) 100vw, 300px\" \/><\/a><\/p>\n<hr \/>\n<h3 style=\"text-align: center;\"><a href=\"https:\/\/www.contino-tour.de\/?page_id=2342\">Th\u00fcringen 2020<\/a><\/h3>\n<p><a href=\"https:\/\/www.contino-tour.de\/?page_id=2342\"><img loading=\"lazy\" decoding=\"async\" class=\"wp-image-3522 size-medium aligncenter\" src=\"https:\/\/www.contino-tour.de\/wp-content\/uploads\/2022\/03\/Kaulsdorf-2020_033-300x225.jpg\" alt=\"\" width=\"300\" height=\"225\" srcset=\"https:\/\/www.contino-tour.de\/wp-content\/uploads\/2022\/03\/Kaulsdorf-2020_033-300x225.jpg 300w, https:\/\/www.contino-tour.de\/wp-content\/uploads\/2022\/03\/Kaulsdorf-2020_033-150x113.jpg 150w, https:\/\/www.contino-tour.de\/wp-content\/uploads\/2022\/03\/Kaulsdorf-2020_033-768x576.jpg 768w, https:\/\/www.contino-tour.de\/wp-content\/uploads\/2022\/03\/Kaulsdorf-2020_033.jpg 1000w\" sizes=\"auto, (max-width: 300px) 100vw, 300px\" \/><\/a><\/p>\n<hr \/>\n<h3 style=\"text-align: center;\">Balkan Vol.3 2022<\/h3>\n<p style=\"text-align: center;\"><a href=\"https:\/\/www.contino-tour.de\/?page_id=3594\">Teil 1 (\u00d6sterreich-Slowenien 25.5. bis 28.5.)<\/a><a href=\"https:\/\/www.contino-tour.de\/?page_id=3594\"><img loading=\"lazy\" decoding=\"async\" class=\"wp-image-3976 size-medium aligncenter\" src=\"https:\/\/www.contino-tour.de\/wp-content\/uploads\/2022\/06\/20220527_143344.JPG-225x300.jpg\" alt=\"\" width=\"225\" height=\"300\" srcset=\"https:\/\/www.contino-tour.de\/wp-content\/uploads\/2022\/06\/20220527_143344.JPG-225x300.jpg 225w, https:\/\/www.contino-tour.de\/wp-content\/uploads\/2022\/06\/20220527_143344.JPG-113x150.jpg 113w, https:\/\/www.contino-tour.de\/wp-content\/uploads\/2022\/06\/20220527_143344.JPG.jpg 768w\" sizes=\"auto, (max-width: 225px) 100vw, 225px\" \/><\/a><\/p>\n<p style=\"text-align: center;\"><a href=\"https:\/\/www.contino-tour.de\/?page_id=4064\">Teil 2 (Slowenien-Kroatien &#8211; Bosnien 29.5. bis 30.5.<\/a>)<br \/>\n<a style=\"outline-width: 0px !important; user-select: auto !important;\" href=\"https:\/\/www.contino-tour.de\/?page_id=4064\"><img loading=\"lazy\" decoding=\"async\" class=\"size-medium wp-image-4074 aligncenter\" src=\"https:\/\/www.contino-tour.de\/wp-content\/uploads\/2022\/06\/20220530_134424.JPG-300x225.jpg\" alt=\"\" width=\"300\" height=\"225\" srcset=\"https:\/\/www.contino-tour.de\/wp-content\/uploads\/2022\/06\/20220530_134424.JPG-300x225.jpg 300w, https:\/\/www.contino-tour.de\/wp-content\/uploads\/2022\/06\/20220530_134424.JPG-150x113.jpg 150w, https:\/\/www.contino-tour.de\/wp-content\/uploads\/2022\/06\/20220530_134424.JPG-768x576.jpg 768w, https:\/\/www.contino-tour.de\/wp-content\/uploads\/2022\/06\/20220530_134424.JPG.jpg 1024w\" sizes=\"auto, (max-width: 300px) 100vw, 300px\" \/><\/a><\/p>\n<p style=\"text-align: center;\"><a href=\"https:\/\/www.contino-tour.de\/?page_id=4170\">Teil 3 (Bosnien 31.5.)<\/a><br \/>\n<a href=\"https:\/\/www.contino-tour.de\/?page_id=4170\"><img loading=\"lazy\" decoding=\"async\" class=\"size-medium wp-image-4273 aligncenter\" src=\"https:\/\/www.contino-tour.de\/wp-content\/uploads\/2022\/06\/20220531_193342.JPG-300x225.jpg\" alt=\"\" width=\"300\" height=\"225\" srcset=\"https:\/\/www.contino-tour.de\/wp-content\/uploads\/2022\/06\/20220531_193342.JPG-300x225.jpg 300w, https:\/\/www.contino-tour.de\/wp-content\/uploads\/2022\/06\/20220531_193342.JPG-150x113.jpg 150w, https:\/\/www.contino-tour.de\/wp-content\/uploads\/2022\/06\/20220531_193342.JPG-768x576.jpg 768w, https:\/\/www.contino-tour.de\/wp-content\/uploads\/2022\/06\/20220531_193342.JPG.jpg 1024w\" sizes=\"auto, (max-width: 300px) 100vw, 300px\" \/><\/a><\/p>\n<p style=\"text-align: center;\"><a href=\"https:\/\/www.contino-tour.de\/?page_id=4284\">Teil 4 (Bosnien &#8211; Montenegro 1.6.)<\/a><br \/>\n<a href=\"https:\/\/www.contino-tour.de\/?page_id=4284\"><img loading=\"lazy\" decoding=\"async\" class=\"size-medium wp-image-4306 aligncenter\" src=\"https:\/\/www.contino-tour.de\/wp-content\/uploads\/2022\/06\/20220601_101228.jpg-169x300.jpg\" alt=\"\" width=\"169\" height=\"300\" srcset=\"https:\/\/www.contino-tour.de\/wp-content\/uploads\/2022\/06\/20220601_101228.jpg-169x300.jpg 169w, https:\/\/www.contino-tour.de\/wp-content\/uploads\/2022\/06\/20220601_101228.jpg-85x150.jpg 85w, https:\/\/www.contino-tour.de\/wp-content\/uploads\/2022\/06\/20220601_101228.jpg.jpg 577w\" sizes=\"auto, (max-width: 169px) 100vw, 169px\" \/><\/a><\/p>\n<p style=\"text-align: center;\"><a href=\"https:\/\/www.contino-tour.de\/?page_id=4369\">Teil 5 (Montenegro &#8211; Bosnien &#8211; Montenegro 2.6. + 3.6.)<\/a><br \/>\n<a href=\"https:\/\/www.contino-tour.de\/?page_id=4369\"><img loading=\"lazy\" decoding=\"async\" class=\"size-medium wp-image-4481 aligncenter\" src=\"https:\/\/www.contino-tour.de\/wp-content\/uploads\/2022\/06\/20220603_123802.JPG-300x225.jpg\" alt=\"\" width=\"300\" height=\"225\" srcset=\"https:\/\/www.contino-tour.de\/wp-content\/uploads\/2022\/06\/20220603_123802.JPG-300x225.jpg 300w, https:\/\/www.contino-tour.de\/wp-content\/uploads\/2022\/06\/20220603_123802.JPG-150x113.jpg 150w, https:\/\/www.contino-tour.de\/wp-content\/uploads\/2022\/06\/20220603_123802.JPG-768x576.jpg 768w, https:\/\/www.contino-tour.de\/wp-content\/uploads\/2022\/06\/20220603_123802.JPG.jpg 1024w\" sizes=\"auto, (max-width: 300px) 100vw, 300px\" \/><\/a><br \/>\n<a href=\"https:\/\/www.contino-tour.de\/?page_id=4512\">Teil 6 (Montenegro &#8211; Bosnien 4.6. + 5.6.)<\/a><br \/>\n<a href=\"https:\/\/www.contino-tour.de\/?page_id=4512\"><img loading=\"lazy\" decoding=\"async\" class=\"size-medium wp-image-4613 aligncenter\" src=\"https:\/\/www.contino-tour.de\/wp-content\/uploads\/2022\/06\/20220605_084700.jpg-300x169.jpg\" alt=\"\" width=\"300\" height=\"169\" srcset=\"https:\/\/www.contino-tour.de\/wp-content\/uploads\/2022\/06\/20220605_084700.jpg-300x169.jpg 300w, https:\/\/www.contino-tour.de\/wp-content\/uploads\/2022\/06\/20220605_084700.jpg-150x84.jpg 150w, https:\/\/www.contino-tour.de\/wp-content\/uploads\/2022\/06\/20220605_084700.jpg-768x432.jpg 768w, https:\/\/www.contino-tour.de\/wp-content\/uploads\/2022\/06\/20220605_084700.jpg.jpg 1024w\" sizes=\"auto, (max-width: 300px) 100vw, 300px\" \/><\/a><\/p>\n<p style=\"text-align: center;\"><a href=\"https:\/\/www.contino-tour.de\/?page_id=4684\">Teil 7 (Bosnien 6.6. + 7.6.)<\/a><br \/>\n<a href=\"https:\/\/www.contino-tour.de\/?page_id=4684\"><img loading=\"lazy\" decoding=\"async\" class=\"size-medium wp-image-4795 aligncenter\" src=\"https:\/\/www.contino-tour.de\/wp-content\/uploads\/2022\/06\/20220607_105310.JPG-300x225.jpg\" alt=\"\" width=\"300\" height=\"225\" srcset=\"https:\/\/www.contino-tour.de\/wp-content\/uploads\/2022\/06\/20220607_105310.JPG-300x225.jpg 300w, https:\/\/www.contino-tour.de\/wp-content\/uploads\/2022\/06\/20220607_105310.JPG-150x113.jpg 150w, https:\/\/www.contino-tour.de\/wp-content\/uploads\/2022\/06\/20220607_105310.JPG-768x576.jpg 768w, https:\/\/www.contino-tour.de\/wp-content\/uploads\/2022\/06\/20220607_105310.JPG.jpg 1024w\" sizes=\"auto, (max-width: 300px) 100vw, 300px\" \/><\/a><\/p>\n<p style=\"text-align: center;\"><a href=\"https:\/\/www.contino-tour.de\/?page_id=4838\">Teil 8 (Bosnien &#8211; Kroatien 8.6. bis 10.6.)<\/a><a href=\"https:\/\/www.contino-tour.de\/?page_id=4838\"><img loading=\"lazy\" decoding=\"async\" class=\"size-medium wp-image-4952 aligncenter\" src=\"https:\/\/www.contino-tour.de\/wp-content\/uploads\/2022\/06\/20220610_151500.jpg-300x169.jpg\" alt=\"\" width=\"300\" height=\"169\" srcset=\"https:\/\/www.contino-tour.de\/wp-content\/uploads\/2022\/06\/20220610_151500.jpg-300x169.jpg 300w, https:\/\/www.contino-tour.de\/wp-content\/uploads\/2022\/06\/20220610_151500.jpg-150x84.jpg 150w, https:\/\/www.contino-tour.de\/wp-content\/uploads\/2022\/06\/20220610_151500.jpg-768x432.jpg 768w, https:\/\/www.contino-tour.de\/wp-content\/uploads\/2022\/06\/20220610_151500.jpg.jpg 1024w\" sizes=\"auto, (max-width: 300px) 100vw, 300px\" \/><\/a><\/p>\n<p style=\"text-align: center;\"><a href=\"https:\/\/www.contino-tour.de\/?page_id=4986\">Teil 9 (Kroatien &#8211; Slowenien &#8211; \u00d6sterreich &#8211; Italien 11.6. bis 13.6.)<\/a><a href=\"https:\/\/www.contino-tour.de\/?page_id=4986\"><img loading=\"lazy\" decoding=\"async\" class=\"size-medium wp-image-5106 aligncenter\" src=\"https:\/\/www.contino-tour.de\/wp-content\/uploads\/2022\/06\/20220613_134710.JPG-225x300.jpg\" alt=\"\" width=\"225\" height=\"300\" srcset=\"https:\/\/www.contino-tour.de\/wp-content\/uploads\/2022\/06\/20220613_134710.JPG-225x300.jpg 225w, https:\/\/www.contino-tour.de\/wp-content\/uploads\/2022\/06\/20220613_134710.JPG-113x150.jpg 113w, https:\/\/www.contino-tour.de\/wp-content\/uploads\/2022\/06\/20220613_134710.JPG.jpg 768w\" sizes=\"auto, (max-width: 225px) 100vw, 225px\" \/><\/a><\/p>\n<p style=\"text-align: center;\"><a href=\"https:\/\/www.contino-tour.de\/?page_id=5135\">Teil 10 (Italien &#8211; \u00d6sterreich &#8211; Heimreise 14.6. + 15.6.)<\/a><br \/>\n<a href=\"https:\/\/www.contino-tour.de\/?page_id=5135\"><img loading=\"lazy\" decoding=\"async\" class=\"size-medium wp-image-5168 aligncenter\" src=\"https:\/\/www.contino-tour.de\/wp-content\/uploads\/2022\/06\/20220614_144544.jpg-300x225.jpg\" alt=\"\" width=\"300\" height=\"225\" srcset=\"https:\/\/www.contino-tour.de\/wp-content\/uploads\/2022\/06\/20220614_144544.jpg-300x225.jpg 300w, https:\/\/www.contino-tour.de\/wp-content\/uploads\/2022\/06\/20220614_144544.jpg-150x113.jpg 150w, https:\/\/www.contino-tour.de\/wp-content\/uploads\/2022\/06\/20220614_144544.jpg-768x576.jpg 768w, https:\/\/www.contino-tour.de\/wp-content\/uploads\/2022\/06\/20220614_144544.jpg.jpg 1024w\" sizes=\"auto, (max-width: 300px) 100vw, 300px\" \/><\/a><\/p>\n<hr \/>\n<h3 class=\"entry-title\" style=\"text-align: center;\"><a href=\"https:\/\/www.contino-tour.de\/?page_id=5936\">2023 TouR des \u00a0gorges<\/a><a href=\"https:\/\/www.contino-tour.de\/?page_id=5936\"><img loading=\"lazy\" decoding=\"async\" class=\"size-medium wp-image-5569 aligncenter\" src=\"https:\/\/www.contino-tour.de\/wp-content\/uploads\/2023\/04\/20230527_100801-300x169.jpg\" alt=\"\" width=\"300\" height=\"169\" srcset=\"https:\/\/www.contino-tour.de\/wp-content\/uploads\/2023\/04\/20230527_100801-300x169.jpg 300w, https:\/\/www.contino-tour.de\/wp-content\/uploads\/2023\/04\/20230527_100801-150x84.jpg 150w, https:\/\/www.contino-tour.de\/wp-content\/uploads\/2023\/04\/20230527_100801-768x432.jpg 768w, https:\/\/www.contino-tour.de\/wp-content\/uploads\/2023\/04\/20230527_100801.jpg 1024w\" sizes=\"auto, (max-width: 300px) 100vw, 300px\" \/><\/a><\/h3>\n<hr \/>\n<h3 style=\"text-align: center;\">Balkan 4.0 2024<\/h3>\n<p style=\"text-align: center;\"><a href=\"https:\/\/www.contino-tour.de\/?page_id=7579\">Teil 1 (25.5. &#8211; 2.6.)<\/a><br \/>\n<a href=\"https:\/\/www.contino-tour.de\/?page_id=7579\"><img loading=\"lazy\" decoding=\"async\" class=\"aligncenter size-medium wp-image-7594\" src=\"https:\/\/www.contino-tour.de\/wp-content\/uploads\/2024\/06\/20240526_162404-300x169.jpg\" alt=\"\" width=\"300\" height=\"169\" srcset=\"https:\/\/www.contino-tour.de\/wp-content\/uploads\/2024\/06\/20240526_162404-300x169.jpg 300w, https:\/\/www.contino-tour.de\/wp-content\/uploads\/2024\/06\/20240526_162404-1024x577.jpg 1024w, https:\/\/www.contino-tour.de\/wp-content\/uploads\/2024\/06\/20240526_162404-150x84.jpg 150w, https:\/\/www.contino-tour.de\/wp-content\/uploads\/2024\/06\/20240526_162404-768x433.jpg 768w, https:\/\/www.contino-tour.de\/wp-content\/uploads\/2024\/06\/20240526_162404.jpg 1280w\" sizes=\"auto, (max-width: 300px) 100vw, 300px\" \/><\/a><\/p>\n<p style=\"text-align: center;\"><a href=\"https:\/\/www.contino-tour.de\/?page_id=7692\">Teil 2 (3.6. &#8211; 10.6.)<\/a><br \/>\n<a href=\"https:\/\/www.contino-tour.de\/?page_id=7692\"><img loading=\"lazy\" decoding=\"async\" class=\"aligncenter wp-image-7714 size-medium\" src=\"https:\/\/www.contino-tour.de\/wp-content\/uploads\/2024\/06\/20240603_165400-300x169.jpg\" alt=\"\" width=\"300\" height=\"169\" srcset=\"https:\/\/www.contino-tour.de\/wp-content\/uploads\/2024\/06\/20240603_165400-300x169.jpg 300w, https:\/\/www.contino-tour.de\/wp-content\/uploads\/2024\/06\/20240603_165400-1024x577.jpg 1024w, https:\/\/www.contino-tour.de\/wp-content\/uploads\/2024\/06\/20240603_165400-150x84.jpg 150w, https:\/\/www.contino-tour.de\/wp-content\/uploads\/2024\/06\/20240603_165400-768x433.jpg 768w, https:\/\/www.contino-tour.de\/wp-content\/uploads\/2024\/06\/20240603_165400.jpg 1280w\" sizes=\"auto, (max-width: 300px) 100vw, 300px\" \/><\/a><\/p>\n<p style=\"text-align: center;\"><a href=\"https:\/\/www.contino-tour.de\/?page_id=7816\">Teil 3 (11.6. &#8211; 21.6.)<\/a><br \/>\n<a href=\"https:\/\/www.contino-tour.de\/?page_id=7816\"><img loading=\"lazy\" decoding=\"async\" class=\"aligncenter wp-image-7890 size-medium\" src=\"https:\/\/www.contino-tour.de\/wp-content\/uploads\/2024\/06\/20240614_075619-300x169.jpg\" alt=\"\" width=\"300\" height=\"169\" srcset=\"https:\/\/www.contino-tour.de\/wp-content\/uploads\/2024\/06\/20240614_075619-300x169.jpg 300w, https:\/\/www.contino-tour.de\/wp-content\/uploads\/2024\/06\/20240614_075619-1024x577.jpg 1024w, https:\/\/www.contino-tour.de\/wp-content\/uploads\/2024\/06\/20240614_075619-150x84.jpg 150w, https:\/\/www.contino-tour.de\/wp-content\/uploads\/2024\/06\/20240614_075619-768x433.jpg 768w, https:\/\/www.contino-tour.de\/wp-content\/uploads\/2024\/06\/20240614_075619.jpg 1280w\" sizes=\"auto, (max-width: 300px) 100vw, 300px\" \/><\/a><\/p>\n<hr \/>\n<p style=\"text-align: center;\"><a id=\"neu\"><\/a>Balkan 4.0 completed 2025<\/p>\n<p style=\"text-align: center;\"><a href=\"https:\/\/www.contino-tour.de\/?page_id=8671\">Teil 1<\/a><br \/>\n<a href=\"https:\/\/www.contino-tour.de\/?page_id=8671\"><img loading=\"lazy\" decoding=\"async\" class=\"aligncenter size-medium wp-image-8689\" src=\"https:\/\/www.contino-tour.de\/wp-content\/uploads\/2025\/10\/20250918_083226-300x169.jpg\" alt=\"\" width=\"300\" height=\"169\" srcset=\"https:\/\/www.contino-tour.de\/wp-content\/uploads\/2025\/10\/20250918_083226-300x169.jpg 300w, https:\/\/www.contino-tour.de\/wp-content\/uploads\/2025\/10\/20250918_083226-1024x576.jpg 1024w, https:\/\/www.contino-tour.de\/wp-content\/uploads\/2025\/10\/20250918_083226-150x84.jpg 150w, https:\/\/www.contino-tour.de\/wp-content\/uploads\/2025\/10\/20250918_083226-768x432.jpg 768w, https:\/\/www.contino-tour.de\/wp-content\/uploads\/2025\/10\/20250918_083226.jpg 1200w\" sizes=\"auto, (max-width: 300px) 100vw, 300px\" \/><\/a><\/p>\n<p style=\"text-align: center;\"><a href=\"https:\/\/www.contino-tour.de\/?page_id=8789\">Teil 2<\/a><br \/>\n<a href=\"https:\/\/www.contino-tour.de\/?page_id=8789\"><img loading=\"lazy\" decoding=\"async\" class=\"aligncenter size-medium wp-image-8854\" src=\"https:\/\/www.contino-tour.de\/wp-content\/uploads\/2025\/10\/20250927_122051-300x225.jpg\" alt=\"\" width=\"300\" height=\"225\" srcset=\"https:\/\/www.contino-tour.de\/wp-content\/uploads\/2025\/10\/20250927_122051-300x225.jpg 300w, https:\/\/www.contino-tour.de\/wp-content\/uploads\/2025\/10\/20250927_122051-1024x768.jpg 1024w, https:\/\/www.contino-tour.de\/wp-content\/uploads\/2025\/10\/20250927_122051-150x113.jpg 150w, https:\/\/www.contino-tour.de\/wp-content\/uploads\/2025\/10\/20250927_122051-768x576.jpg 768w, https:\/\/www.contino-tour.de\/wp-content\/uploads\/2025\/10\/20250927_122051.jpg 1200w\" sizes=\"auto, (max-width: 300px) 100vw, 300px\" \/><\/a><\/p>\n<p style=\"text-align: center;\"><a href=\"https:\/\/www.contino-tour.de\/?page_id=8887\">Teil 3<\/a><br \/>\n<a href=\"https:\/\/www.contino-tour.de\/?page_id=8887\"><img loading=\"lazy\" decoding=\"async\" class=\"aligncenter size-medium wp-image-8904\" src=\"https:\/\/www.contino-tour.de\/wp-content\/uploads\/2025\/10\/20250928_160823-169x300.jpg\" alt=\"\" width=\"169\" height=\"300\" srcset=\"https:\/\/www.contino-tour.de\/wp-content\/uploads\/2025\/10\/20250928_160823-169x300.jpg 169w, https:\/\/www.contino-tour.de\/wp-content\/uploads\/2025\/10\/20250928_160823-576x1024.jpg 576w, https:\/\/www.contino-tour.de\/wp-content\/uploads\/2025\/10\/20250928_160823-84x150.jpg 84w, https:\/\/www.contino-tour.de\/wp-content\/uploads\/2025\/10\/20250928_160823.jpg 675w\" sizes=\"auto, (max-width: 169px) 100vw, 169px\" \/><\/a><\/p>\n<p style=\"text-align: center;\"><a href=\"https:\/\/www.contino-tour.de\/?page_id=179\"><span style=\"color: #ff0000;\">nach oben<\/span><\/a><\/p>\n","protected":false},"excerpt":{"rendered":"<p>Neuste Galerie: Balkan 4.0 completed Alpentour 2012\u00a0 (S\u00fcdtirol) Allg\u00e4u 2015 08\/15 Tour (Tirol\/S\u00fcdtirol) DAS LOHRI 2017 Vater &amp; Sohn 2017 Magarac-Tour 2018 Balkan-Tour 2019 C3-Tour 2019 Th\u00fcringen 2020 Balkan Vol.3 2022 Teil 1 (\u00d6sterreich-Slowenien 25.5. bis 28.5.) Teil 2 (Slowenien-Kroatien &#8211; Bosnien 29.5. bis 30.5.) Teil 3 (Bosnien 31.5.) Teil 4 (Bosnien &#8211; Montenegro 1.6.) &hellip; <\/p>\n<p class=\"link-more\"><a href=\"https:\/\/www.contino-tour.de\/?page_id=179\" class=\"more-link\"><span class=\"screen-reader-text\">\u201eBildergalerie\u201c <\/span>weiterlesen<\/a><\/p>\n","protected":false},"author":1,"featured_media":0,"parent":0,"menu_order":0,"comment_status":"closed","ping_status":"closed","template":"","meta":{"footnotes":""},"class_list":["post-179","page","type-page","status-publish","hentry"],"_links":{"self":[{"href":"https:\/\/www.contino-tour.de\/index.php?rest_route=\/wp\/v2\/pages\/179","targetHints":{"allow":["GET"]}}],"collection":[{"href":"https:\/\/www.contino-tour.de\/index.php?rest_route=\/wp\/v2\/pages"}],"about":[{"href":"https:\/\/www.contino-tour.de\/index.php?rest_route=\/wp\/v2\/types\/page"}],"author":[{"embeddable":true,"href":"https:\/\/www.contino-tour.de\/index.php?rest_route=\/wp\/v2\/users\/1"}],"replies":[{"embeddable":true,"href":"https:\/\/www.contino-tour.de\/index.php?rest_route=%2Fwp%2Fv2%2Fcomments&post=179"}],"version-history":[{"count":145,"href":"https:\/\/www.contino-tour.de\/index.php?rest_route=\/wp\/v2\/pages\/179\/revisions"}],"predecessor-version":[{"id":8996,"href":"https:\/\/www.contino-tour.de\/index.php?rest_route=\/wp\/v2\/pages\/179\/revisions\/8996"}],"wp:attachment":[{"href":"https:\/\/www.contino-tour.de\/index.php?rest_route=%2Fwp%2Fv2%2Fmedia&parent=179"}],"curies":[{"name":"wp","href":"https:\/\/api.w.org\/{rel}","templated":true}]}}