{"id":3514,"date":"2022-03-22T15:45:15","date_gmt":"2022-03-22T14:45:15","guid":{"rendered":"https:\/\/www.tanja-contino.de\/?page_id=3514"},"modified":"2024-12-08T13:41:20","modified_gmt":"2024-12-08T12:41:20","slug":"2020-bericht-corona-tour-2020","status":"publish","type":"page","link":"https:\/\/www.contino-tour.de\/?page_id=3514","title":{"rendered":"2020 Bericht Corona-Tour 2020"},"content":{"rendered":"\n<p>&nbsp;<\/p>\n<h4>November \/ Dezember 2019<\/h4>\n<p>Gegen Ende des Jahres, wenn die Mopeds dann eingemottet werden, macht man sich ja schon Gedanken, was man im n\u00e4chsten Jahr machen wollen? Einmal Deutschland an den Grenzen umfahren? See-Alpen? Bayrischer Wald? Erzgebirge?<\/p>\n<p>Da Rocco dieses Jahr jedoch schon mehr Urlaub verbrauchte, als er zur Verf\u00fcgung hatte, war relativ schnell klar, dass die Tour 2020 wohl nicht so gro\u00df ausfallen w\u00fcrde :-(. Also gut, wie w\u00e4re es denn mit dem Bayrischen Wald? Der soll sehr sch\u00f6n sein und ich hatte vor einigen Jahren auch schon ein Hotel ausgesucht, das Motorrad-Pauschalen anbietet &#8211; sah doch schon recht vielversprechend aus. Das Hotel liegt in Spiegelau\u00a0 und man ist schnell in Tschechien. Aber jetzt schon buchen war unsinnig, da ja erstmal die Wintersaison ansteht und die Pauschalen noch gar nicht konkret erstellt sind &#8211; also warten bis Januar, dann anfragen und buchen. Termin im Mai hatten wir schon ausgesucht, also noch etwas Geduld.<\/p>\n<p>Aber wie das eben so ist:\u00a0 wenn man nicht alles gleich erledigt, dann kann es passieren, dass sich immer mehr Gedanken und Ideen einschleichen, die dem urspr\u00fcnglichen Plan zuwider laufen&#8230;<\/p>\n<p>Es geschah kurz vor Weihnachten: Kurz vor den Feiertagen hing ich ein Bild in Posterformat im Esszimmer auf. Beim t\u00e4glichen gemeinsamen Espresso nach Feierabend schauten Rocco und ich das Bild an und seufzten, denn es enth\u00e4lt so viel Erinnerungen und Sehnsucht und Lust auf\u00b4s Moped Fahren:<\/p>\n<p><img loading=\"lazy\" decoding=\"async\" class=\"aligncenter size-full wp-image-3584\" src=\"https:\/\/www.contino-tour.de\/wp-content\/uploads\/2022\/03\/IMG_4610.jpg\" alt=\"\" width=\"1024\" height=\"768\" srcset=\"https:\/\/www.contino-tour.de\/wp-content\/uploads\/2022\/03\/IMG_4610.jpg 1024w, https:\/\/www.contino-tour.de\/wp-content\/uploads\/2022\/03\/IMG_4610-300x225.jpg 300w, https:\/\/www.contino-tour.de\/wp-content\/uploads\/2022\/03\/IMG_4610-150x113.jpg 150w, https:\/\/www.contino-tour.de\/wp-content\/uploads\/2022\/03\/IMG_4610-768x576.jpg 768w\" sizes=\"auto, (max-width: 706px) 89vw, (max-width: 767px) 82vw, 740px\" \/><\/p>\n<p>Wir sa\u00dfen da und fragten uns, was das f\u00fcr ein Gebirge im Hintergrund sei &#8211; es sind die Dinariden, die sich von Slowenien \u00fcber Kroatien und Bosnien \u00fcber den gesamten Balkan bis nach Albanien ziehen. Wir schauten uns an und seufzten beide und Rocco sprach dann das aus, was ich dachte: &#8222;Schei\u00df auf den Bayrischen Wald! Wir fahren auf den Balkan und dieses Mal erkunden wir Bosnien!&#8220; &#8211; JUHUUUUUUU !!!<\/p>\n<hr \/>\n<h4>Januar 2020<\/h4>\n<p>Anl\u00e4sslich meines Geburtstages telefonierte ich mit meiner Tante in Ilok (Kroatien). Sie fragt mich ja immer, wann wir sie denn endlich mal besuchen kommen. Rocco meinte dann, so nah an Ilok werden wir nie wieder kommen. Also haben wir Ilok mit auf die Route gesetzt. Weiterer Wunsch meinerseits war es, ein St\u00fcck weit an der K\u00fcste entlang zu fahren. Und Rocco hat irgendwie doch mehr Urlaub zur Verf\u00fcgung als urspr\u00fcnglich angenommen.<\/p>\n<p>Zeitpunkt:\u00a0 <em><strong>21.05.2020 &#8211; 06.06.2020<\/strong><\/em><\/p>\n<p>Name der Tour: <strong><em>&#8222;BALKAN &#8211; RELOADED&#8220;<\/em><\/strong><\/p>\n<p>Und Rocco w\u00e4re nicht Rocco, wenn die Tour nicht schon feststehen w\u00fcrde, hihi:<img loading=\"lazy\" decoding=\"async\" class=\"aligncenter size-full wp-image-2110\" src=\"https:\/\/www.contino-tour.de\/wp-content\/uploads\/2020\/01\/Bosnien-2020-Route_00-Uebersicht.jpg\" alt=\"\" width=\"1000\" height=\"633\" srcset=\"https:\/\/www.contino-tour.de\/wp-content\/uploads\/2020\/01\/Bosnien-2020-Route_00-Uebersicht.jpg 1000w, https:\/\/www.contino-tour.de\/wp-content\/uploads\/2020\/01\/Bosnien-2020-Route_00-Uebersicht-300x190.jpg 300w, https:\/\/www.contino-tour.de\/wp-content\/uploads\/2020\/01\/Bosnien-2020-Route_00-Uebersicht-768x486.jpg 768w\" sizes=\"auto, (max-width: 706px) 89vw, (max-width: 767px) 82vw, 740px\" \/><\/p>\n<p>Und Pl\u00e4ne w\u00e4ren nicht Pl\u00e4ne, wenn man sie nicht immer und immer wieder \u00e4ndern k\u00f6nnte :-). Jedenfalls bin ich jetzt schon sehr aufgeregt und ich freu mich wie Bolle !!!<\/p>\n<hr \/>\n<h4>05.04.2020<\/h4>\n<p>Corona &#8211; ja, auch uns wird es wohl betreffen&#8230;.<\/p>\n<p>Jeder wei\u00df ja, dass wir uns nun an Ausgangsbeschr\u00e4nkungen halten m\u00fcssen, dass Reisen ins Ausland kaum m\u00f6glich sind (und wenn doch, wo sollen wir dann \u00fcbernachten? Hat ja alles zu!) So gehen wir auch davon aus, dass wir unsere Balkan-Tour Reloaded wohl eher nicht antreten k\u00f6nnen. *SEUFZ*.<\/p>\n<p>Noch vor der Ausgangsbeschr\u00e4nkung hatte ich meine Prinzessin zum Kundendienst in eine Werkstatt gegeben. Und das zurecht &#8211; das lange Stehen in der Garage ist ihr gar nicht gut bekommen. Sie wollte so gar keinen Mucks mehr von sich geben&#8230; wohingegen der &#8222;Magarac&#8220; ohne zu Bocken sofort angesprungen ist &#8211; pffft. Naja, nutzt nix, also Hol-Service der Werkstatt angefordert und schwupp war die Prinzessin auch schon auf dem H\u00e4nger auf dem Weg ins Hospital zur Wiederbelebung.\u00a0 Ein paar Tage sp\u00e4ter dann die Schlie\u00dfungen der Schulen, des Handels, einiger Betriebe und\u00a0 Ausgangsbeschr\u00e4nkungen &#8211; und f\u00fcr mich auch die gro\u00dfe Frage: wird meine Prinzessin verarztet und wie komme ich wieder an sie ran??? Nach einem Telefonat mit der Werkstatt dann: alles gut, sie sind dran, die Werkst\u00e4tten d\u00fcrfen weiterhin arbeiten (&#8222;um die Mobilit\u00e4t der B\u00fcrger zu gew\u00e4hrleisten&#8220;) und man m\u00fcsse nur noch den Fehler auslesen. Das war vor 2 Wochen!!! Mitte letzter Woche dann ein erneuter Anruf von mir: &#8222;Hey, wie sieht\u00b4s aus? Was macht meine GS?&#8220; &#8222;\u00d6hm ja, also bis zum Wochenende m\u00fcsste sie dann fertig sein&#8220;&#8230;. Mal ehrlich, wie lange kann es denn dauern, nur noch den Fehler auszulesen und den Service zur\u00fcckzusetzen und das Moped wieder hierher zu bringen?<\/p>\n<p>Als gestern (Samstag) dann immer noch kein R\u00fcckruf kam, beschlossen Rocco und ich, das Moped selbst zu holen. Also erneuter Anruf &#8211; &#8222;ja, alles soweit fertig, kann aber den Fehler\/Service nicht zur\u00fccksetzen, mein Ger\u00e4t ist defekt und ich krieg so schnell keinen Ersatz her weil Media-Markt zu hat&#8220;&#8230;. aaahh jaaaaa. Aber f\u00fcr Rocco ja kein Problem, hat ja selbst so ein Ger\u00e4t in der Tasche, also Moped Klamotten an (juhuuuu), Magarac gesattelt (Rocco hatte ihm die letzten Tage unter anderem neue Hufe und eine Blutw\u00e4sche verpasst) und auf zur Rettung der Prinzessin!!!<\/p>\n<p>Werkstatt rein, Service per App selbst zur\u00fcckgesetzt, Kaffee getrunken, Rechnung bezahlt (uaaaahhhhh), Prinzessin gestreichelt und auf ging\u00b4s. Nur ein Biker kann nachvollziehen, was f\u00fcr ein absolut\u00a0 sch\u00f6nes Gef\u00fchl das war!!! Wir haben es soooo genossen, auch wenn wir gerade Mal eine Stunde unterwegs waren.<\/p>\n<p>Ach ja &#8211; unterwegs hat Rocco dann noch geschwind von einem Arbeitskollegen ein Zweit-Motorrad gekauft, hahaha.<\/p>\n<p>Trotz Ausgangsbeschr\u00e4nkung darf man in Baden-W\u00fcrttemberg wohl Motorrad fahren &#8211; ich denke, wir werden das dann auch bald ausnutzen, so lange es erlaubt ist. Man muss halt den Sicherheitsabstand einhalten, sich nicht in gro\u00dfen Gruppen Treffen (was f\u00fcr uns aber keinerlei Problem darstellt \ud83d\ude42 ) , kann unterwegs keinen Kaffee trinken oder was essen (hmm, was sehr schade ist, weil wir das immer ausgiebig zelebriert haben \ud83d\ude41\u00a0 ). Manch einer wird sich wohl die Frage stellen, ob das denn unbedingt n\u00f6tig ist &#8211; NEIN, ist es nat\u00fcrlich nicht, aber beim Fahren k\u00f6nnen wir ein wenig den Alltag vergessen, der momentan teilweise echt frustrierend ist. Nach der Tour sind wir dann entspannt und gl\u00fccklich wieder in unseren 4 W\u00e4nden &#8211; ist doch allemal besser, als den Stress-Level noch weiter zu erh\u00f6hen. So k\u00f6nnen wir den Alltag besser meistern und gef\u00e4hrden auch niemanden dabei!<\/p>\n<p>Und was unsere Tour angeht &#8211; mal abwarten, was noch passiert. Wir rechnen eigentlich nicht wirklich damit, aber wer wei\u00df? Und wenn nicht &#8211; der Balkan bleibt auch nach Corona am selben Platz und wartet auf uns \ud83d\ude42<\/p>\n<blockquote><p>Denken m\u00fcssen wir ja sowieso &#8211; warum dann nicht POSITIV? \ud83d\ude09<\/p><\/blockquote>\n<h4>Ostern 2020<\/h4>\n<p>Hatte ich erw\u00e4hnt, dass Rocco ein Zweit-Motorrad gekauft hat?<\/p>\n<p><img loading=\"lazy\" decoding=\"async\" class=\" wp-image-2186 alignleft\" src=\"https:\/\/www.contino-tour.de\/wp-content\/uploads\/2020\/04\/IMG_20200409_180406.jpg\" alt=\"\" width=\"400\" height=\"300\" srcset=\"https:\/\/www.contino-tour.de\/wp-content\/uploads\/2020\/04\/IMG_20200409_180406.jpg 1000w, https:\/\/www.contino-tour.de\/wp-content\/uploads\/2020\/04\/IMG_20200409_180406-300x225.jpg 300w, https:\/\/www.contino-tour.de\/wp-content\/uploads\/2020\/04\/IMG_20200409_180406-150x113.jpg 150w, https:\/\/www.contino-tour.de\/wp-content\/uploads\/2020\/04\/IMG_20200409_180406-768x576.jpg 768w\" sizes=\"auto, (max-width: 400px) 100vw, 400px\" \/>Das hier ist sie &#8211; eine Yamaha Diversion 900 Baujahr 97 mit 90 PS &#8211; auch bekannt als &#8222;Diva&#8220; &#8211; ob sie sich auch wie eine Diva verh\u00e4lt, das muss sich jetzt erst noch zeigen \ud83d\ude42 . Wozu hat er sich ein Zweit-Moped zugelegt fragt man sich zwangsl\u00e4ufig? Um damit t\u00e4glich ins Gesch\u00e4ft zu fahren. Der Magarac bleibt dann unseren Touren vorbehalten. Ja, das ist Luxus!\u00a0 Aber so ein Schn\u00e4ppchen konnte er sich nicht entgehen lassen &#8211; man bekommt solch eine Rarit\u00e4t nicht alle Tage f\u00fcr \u20ac 300,&#8211;\u00a0 &#8211; nein, da fehlt keine Null, also nochmal in Worten: dreihundert Euronen !!!<\/p>\n<p>Allerdings ist es in Corona-Zeiten nicht so einfach, ein Moped umzumelden&#8230; w\u00e4hrend man zu &#8222;normalen&#8220; Zeiten einfach aufs Landratsamt gegangen ist, muss man nun einen Termin machen, da nicht jeder einfach rein kann &#8211; nur doof, dass gef\u00fchlt der ganze Landkreis irgendwelche Fahrzeuge an-, um- oder abmelden m\u00f6chte. Der n\u00e4chstm\u00f6gliche Termin ist erst am 05.05. verf\u00fcgbar! Nur gut, dass die Diva noch angemeldet ist, so muss Rocco wenigstens nicht so lange warten, sie zu fahren und konnte sie schon mal testen, nachdem er das ein oder andere am Moped noch optimiert hatte.<\/p>\n<p>Und so sieht es \u00fcbrigens nun in unserer Garage aus, hahaha:<img loading=\"lazy\" decoding=\"async\" class=\"wp-image-2187 aligncenter\" src=\"https:\/\/www.contino-tour.de\/wp-content\/uploads\/2020\/04\/IMG_20200415_103153.jpg\" alt=\"\" width=\"400\" height=\"300\" srcset=\"https:\/\/www.contino-tour.de\/wp-content\/uploads\/2020\/04\/IMG_20200415_103153.jpg 1000w, https:\/\/www.contino-tour.de\/wp-content\/uploads\/2020\/04\/IMG_20200415_103153-300x225.jpg 300w, https:\/\/www.contino-tour.de\/wp-content\/uploads\/2020\/04\/IMG_20200415_103153-150x113.jpg 150w, https:\/\/www.contino-tour.de\/wp-content\/uploads\/2020\/04\/IMG_20200415_103153-768x576.jpg 768w\" sizes=\"auto, (max-width: 400px) 100vw, 400px\" \/><\/p>\n<p>&nbsp;<\/p>\n<p><img loading=\"lazy\" decoding=\"async\" class=\"wp-image-2185 alignleft\" src=\"https:\/\/www.contino-tour.de\/wp-content\/uploads\/2020\/04\/IMG_20200409_065900_227.jpg\" alt=\"\" width=\"265\" height=\"471\" srcset=\"https:\/\/www.contino-tour.de\/wp-content\/uploads\/2020\/04\/IMG_20200409_065900_227.jpg 562w, https:\/\/www.contino-tour.de\/wp-content\/uploads\/2020\/04\/IMG_20200409_065900_227-169x300.jpg 169w, https:\/\/www.contino-tour.de\/wp-content\/uploads\/2020\/04\/IMG_20200409_065900_227-84x150.jpg 84w\" sizes=\"auto, (max-width: 265px) 100vw, 265px\" \/>Das Wetter war ja die letzten Tage einfach klasse &#8211; und so konnten wir es uns nicht nehmen lassen, die ein oder andere Tour zu machen. Nachdem dann auch in der Tageszeitung die &#8222;Freigabe&#8220; erfolgte, fuhren Rocco und ich Karfreitag und Samstag los &#8211; nur jeweils kleine Runden von 2-3 Stunden &#8211; durch den (n\u00e4heren) Schwarzwald: Hexenloch, Simonsw\u00e4lder Tal, usw.- sch\u00f6n langsam, da wir ja beide neue Schlappen drauf hatten, aber auch, um keine unn\u00f6tige Aufmerksamkeit zu erregen &#8211; man wusste ja nie, wie sich die Lage ver\u00e4ndern wird aufgrund der Ausgangs-Beschr\u00e4nkungen usw. Am Sonntag war dann auch Damian mit dabei, da fuhren wir dann kreuz und quer \u00fcber den Hegau. <img loading=\"lazy\" decoding=\"async\" class=\"aligncenter wp-image-2184\" src=\"https:\/\/www.contino-tour.de\/wp-content\/uploads\/2020\/04\/IMG_20200412_110905.jpg\" alt=\"\" width=\"1000\" height=\"750\" srcset=\"https:\/\/www.contino-tour.de\/wp-content\/uploads\/2020\/04\/IMG_20200412_110905.jpg 1000w, https:\/\/www.contino-tour.de\/wp-content\/uploads\/2020\/04\/IMG_20200412_110905-300x225.jpg 300w, https:\/\/www.contino-tour.de\/wp-content\/uploads\/2020\/04\/IMG_20200412_110905-150x113.jpg 150w, https:\/\/www.contino-tour.de\/wp-content\/uploads\/2020\/04\/IMG_20200412_110905-768x576.jpg 768w\" sizes=\"auto, (max-width: 706px) 89vw, (max-width: 767px) 82vw, 740px\" \/><\/p>\n<p>Man hat schon gemerkt, dass weniger Fahrzeuge unterwegs waren, trotz der Feiertage &#8211; k\u00f6nnte nat\u00fcrlich auch daran liegen, dass wir wie immer eher vormittags unterwegs und nachmittags wieder zu Hause waren &#8211; die meisten fahren ja erst nach dem Mittagessen los (fr\u00fcher war ja sonntags vorher noch der Kirchgang angesagt, das ist aber derzeit auch nicht erlaubt). F\u00fcr Rocco und mich ist das aber nichts Ungew\u00f6hnliches, denn wir meiden ja die &#8222;B&#8220;-Stra\u00dfen und fahren eher auf den &#8222;L&#8220; und &#8222;K&#8220;-Stra\u00dfen und oft auch &#8222;F&#8220;-Stra\u00dfen (oder eher -Wege)\u00a0 \ud83d\ude09 .<\/p>\n<p>Dennoch war auffallend wenig auf den Stra\u00dfen unterwegs &#8211; daf\u00fcr umso mehr auf den Rad- und Wanderwegen. Ich glaube, die Leute entdeckten die letzten Tage und Wochen in ihren Kellern \/ Garagen alle ihre Fahrr\u00e4der, Scooter, Inliner und im Schrank\u00a0 ihre verstaubten Wanderschuhe, -kleidung und -st\u00f6cke, die jetzt ganz pl\u00f6tzlich wieder an Reiz gewannen \ud83d\ude42 .\u00a0 Man sieht auch sehr viele Jogger &#8211; klar, die Fitness-Studios sind ja geschlossen, was soll man auch anderes tun, als sich in <strong>freier Natur<\/strong> ohne Klima-Anlage an der <strong>frischen Luft<\/strong> zu bewegen ??? Das ist f\u00fcr den ein oder anderen sicherlich eine riesige Umstellung, aber vielleicht bleibt nach der Corona-Zeit ja auch einiges davon tats\u00e4chlich h\u00e4ngen und die Menschen besinnen sich wieder auf andere Dinge (Rocco hat da Zweifel &#8211; ich als L\u00e4ufer in der Natur habe Hoffnung *griiins*).<\/p>\n<h4>01.05.2020<\/h4>\n<p><img loading=\"lazy\" decoding=\"async\" class=\"wp-image-2188 alignleft\" src=\"https:\/\/www.contino-tour.de\/wp-content\/uploads\/2020\/04\/IMG_20200418_125352.jpg\" alt=\"\" width=\"400\" height=\"300\" srcset=\"https:\/\/www.contino-tour.de\/wp-content\/uploads\/2020\/04\/IMG_20200418_125352.jpg 1000w, https:\/\/www.contino-tour.de\/wp-content\/uploads\/2020\/04\/IMG_20200418_125352-300x225.jpg 300w, https:\/\/www.contino-tour.de\/wp-content\/uploads\/2020\/04\/IMG_20200418_125352-150x113.jpg 150w, https:\/\/www.contino-tour.de\/wp-content\/uploads\/2020\/04\/IMG_20200418_125352-768x576.jpg 768w\" sizes=\"auto, (max-width: 400px) 100vw, 400px\" \/>Vor zwei Wochen wagten Rocco und ich bei perfektem Wetter eine etwas gr\u00f6\u00dfere Fahrt &#8211; wir nahmen das Freiamt bei Freiburg ins Visier: von hier aus durch das Prechtal, Richtung Freiburg, Elzach, \u00fcber den Kandel, St. M\u00e4rgen, Hexenloch, Furtwangen. Selbstverst\u00e4ndlich wie immer auf L- K- und F-Stra\u00dfen . Alles in allem ca 250 km und 5 Stunden Fahrzeit &#8211; <img loading=\"lazy\" decoding=\"async\" class=\" wp-image-2189 alignright\" src=\"https:\/\/www.contino-tour.de\/wp-content\/uploads\/2020\/04\/IMG_20200418_123829.jpg\" alt=\"\" width=\"300\" height=\"400\" srcset=\"https:\/\/www.contino-tour.de\/wp-content\/uploads\/2020\/04\/IMG_20200418_123829.jpg 750w, https:\/\/www.contino-tour.de\/wp-content\/uploads\/2020\/04\/IMG_20200418_123829-225x300.jpg 225w, https:\/\/www.contino-tour.de\/wp-content\/uploads\/2020\/04\/IMG_20200418_123829-113x150.jpg 113w\" sizes=\"auto, (max-width: 300px) 100vw, 300px\" \/>nat\u00fcrlich mit Proviant im Gep\u00e4ck, da man ja nirgends mal geschwind einkehren kann. Das hat sich dann tats\u00e4chlich angef\u00fchlt, als ob wir auf einer unserer Touren unterwegs gewesen w\u00e4ren &#8211; irgendwo am Stra\u00dfenrand einen Platz finden, wo man etwas abseits eine Vesper-Pause einlegen kann &#8211; herrlich! Hat uns irgendwie an Kroatien, Montenegro und Albanien erinnert *griiins*. Aber man sieht, es geht auch ohne Einkehr. Au\u00dfer dem Kaffee zwischendurch hat es uns eigentlich an nichts gemangelt. Und der Sprit ist momentan so g\u00fcnstig (\u20ac1,15\/l) , dass man versucht ist, l\u00e4nger und weiter zu fahren, als man es normalerweise tun w\u00fcrde&#8230; Und als Moped-Fahrer haben wir auch kein Problem mit dem verordneten Mund-Nasen-Schutz beim Betreten einer Tankstelle, da wir ja sowieso immer ein Tuch anhaben, das man dann geschwind mal \u00fcber Mund und Nase st\u00fclpen kann \ud83d\ude09<\/p>\n<p>Rocco und ich hatten ja gehofft, dass es vielleicht doch irgendwie noch was werden k\u00f6nnte mit unserer Balkan-Tour &#8211; doch leider wurde die Reisewarnung ins Ausland nun auf den 12.06.2020 verl\u00e4ngert (vor allem auch mit dem Hinweis, dass es auf keinen Fall eine R\u00fcckholaktion der Bundesregierung wie zuletzt f\u00fcr Urlauber geben wird)\u00a0 &#8211; somit hat sich das f\u00fcr uns nun definitiv erledigt (auch wenn wir keine R\u00fcckholung ben\u00f6tigen w\u00fcrden, haha)\u00a0 .\u00a0 Und so haben wir auch unseren Urlaub verk\u00fcrzt auf die erste Pfingstferien-Woche, so dass wir vielleicht die ein oder andere Tages-Tour (nat\u00fcrlich mit Proviant im Gep\u00e4ck) machen k\u00f6nnten.<\/p>\n<p>Vielleicht haben wir ja im Sommer\/Herbst die M\u00f6glichkeit, ein paar Tage innerhalb Deutschlands irgendwohin zu fahren &#8211; kommt allerdings auch darauf an, ob es dann \u00fcberhaupt \u00dcbernachtungsm\u00f6glichkeiten geben wird. Derzeit sind die Ferienwohnungen \/ Pensionen \/ Hotels immer noch nicht f\u00fcr Urlauber ge\u00f6ffnet, da muss man dann noch abwarten, was kommt. Und vor allem, wieviel eine \u00dcbernachtung kosten wird. Eine Kollegin erz\u00e4hlte mir, dass einige Anbieter von Ferienwohnungen bereits jetzt eine Erh\u00f6hung um 80% (!!!) f\u00fcr \u00dcbernachtungen erhoben haben &#8211; verr\u00fcckt, oder? Aber irgendwie auch nachvollziehbar, die m\u00fcssen ja ihren Verlust der letzten Monate\u00a0 irgendwie wieder reinholen. Aber ob wir das dann auch bezahlen m\u00f6chten\/k\u00f6nnen ???<\/p>\n<p>Leider ist das Wetter gerade nicht so toll &#8211; April-Wetter im Mai, kalt, windig und regnerisch, so dass wir dieses lange Wochenende wohl eher nicht fahren werden. Vielleicht am Sonntag, wer wei\u00df &#8211; wir sind da spontan, wie immer. In der Zwischenzeit versuche ich mich daran, selbst den ein oder anderen Mund-Nasen-Schutz zu n\u00e4hen. Die ersten drei Versuche bisher haben mich sehr viel Nerven (und Material) gekostet &#8230; hmmmm&#8230;.. das ist f\u00fcr mich schon eine Herausforderung. Es sieht einfach aus, aber an der Umsetzung hapert es noch etwas. Egal &#8211; learning by doing. Aber letzendlich muss es einfach nur funktionieren, will ja keine Preise damit gewinnen.<\/p>\n<h4>10.05.2020<\/h4>\n<p>Wenn dieses Jahr normal laufen w\u00fcrde, w\u00fcrde hier folgendes stehen:<\/p>\n<blockquote><p>&#8222;Noch 11 Tage, dann startet unsere Tour &#8211; wir k\u00f6nnen es kaum erwarten. Das Wetter macht gerade nicht so mit \ud83d\ude41 . Die Eisheiligen stehen vor der T\u00fcr, es regnet und ist richtig kalt. F\u00fcr heute Nacht ist sogar Schnee angesagt, brrrrr. Aber wir sind zuversichtlich, dass wir bis zum Start n\u00e4chste Woche (!!! schon n\u00e4chste Woche!!!) das perfekte Reisewetter bekommen *griiins*. Selbstverst\u00e4ndlich haben wir auch dieses Mal Touren-Shirts machen lassen: <em>(hier w\u00fcrde jetzt ein Bild von den Shirts sein). <\/em>Am Wochenende wollen wir mal Probe-Packen, ich hoffe, wir haben an alles gedacht. Aber da wir ja schon ein bisschen Erfahrung sammeln konnten die letzten Jahre, wird das alles schon klappen. Und wenn wir was vergessen haben, dann ist es eben so. Es ist ja nicht so, dass wir au\u00dferhalb der Zivilisation reisen und uns nicht das ein oder andere noch unterwegs besorgen k\u00f6nnten, hahaha. Die Mopeds zumindest sind bereit und wir auch &#8211; juhuuuu!!!&#8220;<\/p><\/blockquote>\n<p>AAABER &#8211; dieses Jahr l\u00e4uft ja nichts normal, daher stimmen eigentlich nur die S\u00e4tze\u00a0 mit dem Wetter, der Zivilisation und den bereiten Mopeds \ud83d\ude41 \ud83d\ude41 \ud83d\ude41 .<\/p>\n<p>Am vergangenen Samstag hatten wir noch einen sch\u00f6nen, trockenen und warmen Nachmittag und fuhren eine Runde \u00fcber den Heuberg.\u00a0 Rocco hat mal wieder eine sch\u00f6ne Tour zusammengestellt. Ich bin immer wieder fasziniert, wie er solche Wege findet &#8211; seine Antwort: &#8222;Einfach weiter rein-zoomen&#8220; hahaha. Jedenfalls hatte ich schon nach ein paar Kilometern ein Grinsen im Gesicht, das ich nicht mehr rausbekommen habe und mit jedem Kilometer konnte ich St\u00fcck f\u00fcr St\u00fcck den ganzen gesch\u00e4ftlichen Stress der letzten Woche hinter mir lassen. Ich bin sicher, dass mich jeder versteht, der Motorrad f\u00e4hrt &#8211; allein schon das Fahren an sich tut gut, dann noch die Natur drumherum, das Rauschen, der Geruch &#8211; einfach das &#8222;mittendrin&#8220;\u00a0 und alles &#8222;drumherum&#8220; gen\u00fcgt, um runterzukommen und gl\u00fccklich zu sein!<\/p>\n<p>Mal sehn, was die n\u00e4chsten Tage und Wochen noch bringen. Die Grenzen sollen ja bald wieder ge\u00f6ffnet werden und das Reisen (und \u00fcbernachten) soll wieder m\u00f6glich sein &#8211; dennoch werden wir dieses Jahr auf eine Tour au\u00dferhalb Deutschlands verzichten.<\/p>\n<h4>17.05.2020<\/h4>\n<p>So langsam bessert sich auch das Wetter, aber das nutzt ja auch nichts &#8211; ok, es nutzt schon was, so k\u00f6nnen wir einfach ein paar Tagestouren machen. Ab morgen d\u00fcrfen ja die Gastronomien auch teilweise wieder \u00f6ffnen, mit strengen Auflagen zwar und nur drau\u00dfen, aber dennoch k\u00f6nnten wir theoretisch bei einer Tagestour wieder irgendwo einkehren (vorausgesetzt, es ist dann noch Platz drau\u00dfen&#8230;). An dieser Stelle w\u00fcrde ich lieber schreiben:<\/p>\n<blockquote><p>&#8222;Heute haben wir mal probegepackt &#8211; soweit passt alles rein, aber wie immer wird wohl das ein oder andere noch dazukommen, das einem erst im letzten Moment einf\u00e4llt. Passt auch alles auf die Mopeds drauf, dank Rocco\u00b4s Magarac, der ja seinem Namen alle Ehre macht und sich alles sch\u00f6n brav draufpacken l\u00e4sst. Die Wetterprognosen sind auch ganz gut, zumindest d\u00fcrften wir wohl die ersten Tage trocken durchkommen. Die Vorfreude w\u00e4chst, jetzt nur noch 4 x schlafen, dann geht es los &#8211; uiuiui&#8220;<\/p>\n<p>&nbsp;<\/p>\n<h4>20.05.2020<\/h4>\n<p><em>&#8222;Gerade eben haben wir die Mopeds gesattelt &#8211; von uns aus kann es jetzt los gehen! Das Wetter verspricht strahlenden Sonnenschein und warm, also beste Bedingungen f\u00fcr den Start. Wir freuen uns riesig und sind gespannt auf Bosnien. Aber bis dahin sind es ja noch ein paar Tage, erstmal k\u00f6nnen wir uns auf das Meer freuen (irgendwann am Wochenende \ud83d\ude09 ). &#8222;<\/em><\/p><\/blockquote>\n<p>Das w\u00fcrde ich jetzt sehr gern schreiben wollen aber es soll einfach nicht sein \ud83d\ude41 .<\/p>\n<h4><a id=\"neu\"><\/a>August 2020<\/h4>\n<p>Nun konnten wir doch eine kleine Tour machten &#8211; in den Th\u00fcringer Wald. Hier ist der <a href=\"https:\/\/www.contino-tour.de\/?page_id=2354\">Bericht<\/a>, <a href=\"https:\/\/www.contino-tour.de\/?page_id=2342\">Bilder<\/a> gibt es in der Galerie.<\/p>\n<p><a href=\"https:\/\/www.contino-tour.de\/?page_id=125\"><span style=\"color: #ff0000;\">zur\u00fcck<\/span><\/a><\/p>\n","protected":false},"excerpt":{"rendered":"<p>&nbsp; November \/ Dezember 2019 Gegen Ende des Jahres, wenn die Mopeds dann eingemottet werden, macht man sich ja schon Gedanken, was man im n\u00e4chsten Jahr machen wollen? Einmal Deutschland an den Grenzen umfahren? See-Alpen? Bayrischer Wald? Erzgebirge? Da Rocco dieses Jahr jedoch schon mehr Urlaub verbrauchte, als er zur Verf\u00fcgung hatte, war relativ schnell &hellip; <\/p>\n<p class=\"link-more\"><a href=\"https:\/\/www.contino-tour.de\/?page_id=3514\" class=\"more-link\"><span class=\"screen-reader-text\">\u201e2020 Bericht Corona-Tour 2020\u201c <\/span>weiterlesen<\/a><\/p>\n","protected":false},"author":1,"featured_media":0,"parent":125,"menu_order":0,"comment_status":"closed","ping_status":"closed","template":"","meta":{"footnotes":""},"class_list":["post-3514","page","type-page","status-publish","hentry"],"_links":{"self":[{"href":"https:\/\/www.contino-tour.de\/index.php?rest_route=\/wp\/v2\/pages\/3514","targetHints":{"allow":["GET"]}}],"collection":[{"href":"https:\/\/www.contino-tour.de\/index.php?rest_route=\/wp\/v2\/pages"}],"about":[{"href":"https:\/\/www.contino-tour.de\/index.php?rest_route=\/wp\/v2\/types\/page"}],"author":[{"embeddable":true,"href":"https:\/\/www.contino-tour.de\/index.php?rest_route=\/wp\/v2\/users\/1"}],"replies":[{"embeddable":true,"href":"https:\/\/www.contino-tour.de\/index.php?rest_route=%2Fwp%2Fv2%2Fcomments&post=3514"}],"version-history":[{"count":7,"href":"https:\/\/www.contino-tour.de\/index.php?rest_route=\/wp\/v2\/pages\/3514\/revisions"}],"predecessor-version":[{"id":8107,"href":"https:\/\/www.contino-tour.de\/index.php?rest_route=\/wp\/v2\/pages\/3514\/revisions\/8107"}],"up":[{"embeddable":true,"href":"https:\/\/www.contino-tour.de\/index.php?rest_route=\/wp\/v2\/pages\/125"}],"wp:attachment":[{"href":"https:\/\/www.contino-tour.de\/index.php?rest_route=%2Fwp%2Fv2%2Fmedia&parent=3514"}],"curies":[{"name":"wp","href":"https:\/\/api.w.org\/{rel}","templated":true}]}}