{"id":6728,"date":"2024-01-29T17:19:19","date_gmt":"2024-01-29T16:19:19","guid":{"rendered":"https:\/\/www.contino-tour.de\/?page_id=6728"},"modified":"2024-01-29T17:28:21","modified_gmt":"2024-01-29T16:28:21","slug":"route-2020-thueringen","status":"publish","type":"page","link":"https:\/\/www.contino-tour.de\/?page_id=6728","title":{"rendered":"Route 2020 &#8211; Th\u00fcringen"},"content":{"rendered":"<h4>Route f\u00fcr die TouR 2020 &#8222;Th\u00fcringen&#8220;<\/h4>\n<p>Hier seht ihr nur die Touren die wir dort gefahren sind, also ohne An- und R\u00fcckreise. Die waren nicht so spannend.<\/p>\n<p style=\"text-align: center;\">Route 1<br \/>\n<iframe loading=\"lazy\" style=\"border: 0;\" src=\"https:\/\/www.google.com\/maps\/embed?pb=!1m48!1m12!1m3!1d161879.5088667855!2d11.348144632909067!3d50.6574400908615!2m3!1f0!2f0!3f0!3m2!1i1024!2i768!4f13.1!4m33!3e6!4m3!3m2!1d50.6171!2d11.4331!4m3!3m2!1d50.5776!2d11.6466!4m3!3m2!1d50.655499999999996!2d11.5756!4m3!3m2!1d50.7408!2d11.5261!4m3!3m2!1d50.779599999999995!2d11.3895!4m3!3m2!1d50.7123!2d11.3988!4m3!3m2!1d50.6691!2d11.3781!4m3!3m2!1d50.6171!2d11.4323!5e0!3m2!1sde!2sde!4v1706545391568!5m2!1sde!2sde\" width=\"600\" height=\"450\" allowfullscreen=\"allowfullscreen\"><\/iframe><br \/>\nRoute 2<br \/>\n<iframe loading=\"lazy\" style=\"border: 0;\" src=\"https:\/\/www.google.com\/maps\/embed?pb=!1m84!1m12!1m3!1d162022.74326259675!2d10.950874535678746!3d50.61587018758668!2m3!1f0!2f0!3f0!3m2!1i1024!2i768!4f13.1!4m69!3e6!4m3!3m2!1d50.6171!2d11.4331!4m3!3m2!1d50.6534!2d11.334!4m3!3m2!1d50.6733!2d11.2648!4m3!3m2!1d50.6095!2d11.1185!4m3!3m2!1d50.592999999999996!2d11.0316!4m3!3m2!1d50.6271!2d10.8212!4m3!3m2!1d50.6875!2d10.788499999999999!4m3!3m2!1d50.778!2d10.780899999999999!4m3!3m2!1d50.651599999999995!2d10.67!4m3!3m2!1d50.5717!2d10.859!4m3!3m2!1d50.501799999999996!2d10.8464!4m3!3m2!1d50.503499999999995!2d10.9041!4m3!3m2!1d50.533899999999996!2d11.0725!4m3!3m2!1d50.534299999999995!2d11.410599999999999!4m3!3m2!1d50.5488!2d11.488399999999999!4m3!3m2!1d50.590599999999995!2d11.566699999999999!4m3!3m2!1d50.6171!2d11.4324!5e0!3m2!1sde!2sde!4v1706545432038!5m2!1sde!2sde\" width=\"600\" height=\"450\" allowfullscreen=\"allowfullscreen\"><\/iframe><br \/>\nRoute 3<br \/>\n<iframe loading=\"lazy\" style=\"border: 0;\" src=\"https:\/\/www.google.com\/maps\/embed?pb=!1m84!1m12!1m3!1d325185.61208722234!2d11.109158121750491!3d50.450178739487576!2m3!1f0!2f0!3f0!3m2!1i1024!2i768!4f13.1!4m69!3e6!4m3!3m2!1d50.617!2d11.4331!4m3!3m2!1d50.506299999999996!2d11.5649!4m3!3m2!1d50.508199999999995!2d11.4864!4m3!3m2!1d50.4783!2d11.441699999999999!4m3!3m2!1d50.535999999999994!2d11.4156!4m3!3m2!1d50.513099999999994!2d11.2971!4m3!3m2!1d50.374399999999994!2d11.203199999999999!4m3!3m2!1d50.430699999999995!2d11.285!4m3!3m2!1d50.369!2d11.3255!4m3!3m2!1d50.3675!2d11.423399999999999!4m3!3m2!1d50.285999999999994!2d11.3799!4m3!3m2!1d50.335899999999995!2d11.4726!4m3!3m2!1d50.359199999999994!2d11.528799999999999!4m3!3m2!1d50.3893!2d11.6694!4m3!3m2!1d50.5137!2d11.6593!4m3!3m2!1d50.5802!2d11.6311!4m3!3m2!1d50.6171!2d11.4323!5e0!3m2!1sde!2sde!4v1706545477981!5m2!1sde!2sde\" width=\"600\" height=\"450\" allowfullscreen=\"allowfullscreen\"><\/iframe><br \/>\nRoute 4<br \/>\n<iframe loading=\"lazy\" style=\"border: 0;\" src=\"https:\/\/www.google.com\/maps\/embed?pb=!1m104!1m12!1m3!1d647273.2954042869!2d10.415150272758108!3d50.675189848704825!2m3!1f0!2f0!3f0!3m2!1i1024!2i768!4f13.1!4m89!3e6!4m3!3m2!1d50.6171!2d11.433!4m3!3m2!1d50.6962!2d11.397699999999999!4m3!3m2!1d50.7187!2d11.3781!4m3!3m2!1d50.6857!2d11.379999999999999!4m3!3m2!1d50.6675!2d11.338899999999999!4m3!3m2!1d50.669799999999995!2d11.1303!4m3!3m2!1d50.6809!2d10.9294!4m3!3m2!1d50.7026!2d10.868!4m3!3m2!1d50.7514!2d10.753599999999999!4m3!3m2!1d50.660199999999996!2d10.7493!4m3!3m2!1d50.675599999999996!2d10.6851!4m3!3m2!1d50.6188!2d10.7777!4m3!3m2!1d50.626799999999996!2d10.8218!4m3!3m2!1d50.7404!2d10.7995!4m3!3m2!1d50.703199999999995!2d10.858799999999999!4m3!3m2!1d50.669!2d10.8598!4m3!3m2!1d50.6113!2d10.8423!4m3!3m2!1d50.5974!2d10.9077!4m3!3m2!1d50.574999999999996!2d11.0544!4m3!3m2!1d50.592099999999995!2d11.0818!4m3!3m2!1d50.6723!2d11.283299999999999!4m3!3m2!1d50.6171!2d11.431999999999999!5e0!3m2!1sde!2sde!4v1706545514435!5m2!1sde!2sde\" width=\"600\" height=\"450\" allowfullscreen=\"allowfullscreen\"><\/iframe><br \/>\nRoute 5<br \/>\n<iframe loading=\"lazy\" style=\"border: 0;\" src=\"https:\/\/www.google.com\/maps\/embed?pb=!1m104!1m12!1m3!1d649448.7469957103!2d10.530468492611547!3d50.517256864356575!2m3!1f0!2f0!3f0!3m2!1i1024!2i768!4f13.1!4m89!3e6!4m3!3m2!1d50.6171!2d11.4331!4m3!3m2!1d50.4736!2d11.5471!4m3!3m2!1d50.4623!2d11.3387!4m3!3m2!1d50.4535!2d11.2654!4m3!3m2!1d50.3623!2d11.2258!4m3!3m2!1d50.4584!2d11.1275!4m3!3m2!1d50.452799999999996!2d10.907599999999999!4m3!3m2!1d50.5452!2d10.92!4m3!3m2!1d50.6258!2d10.8433!4m3!3m2!1d50.6355!2d10.870899999999999!4m3!3m2!1d50.6599!2d10.895199999999999!4m3!3m2!1d50.6532!2d11.049999999999999!4m3!3m2!1d50.576499999999996!2d11.1104!4m3!3m2!1d50.629599999999996!2d11.1596!4m3!3m2!1d50.564699999999995!2d11.2236!4m3!3m2!1d50.528999999999996!2d11.3181!4m3!3m2!1d50.555499999999995!2d11.3401!4m3!3m2!1d50.565599999999996!2d11.3072!4m3!3m2!1d50.580799999999996!2d11.3058!4m3!3m2!1d50.6196!2d11.2889!4m3!3m2!1d50.666!2d11.3027!4m3!3m2!1d50.6171!2d11.4323!5e0!3m2!1sde!2sde!4v1706545559818!5m2!1sde!2sde\" width=\"600\" height=\"450\" allowfullscreen=\"allowfullscreen\"><\/iframe><br \/>\nRoute 6<br \/>\n<iframe loading=\"lazy\" style=\"border: 0;\" src=\"https:\/\/www.google.com\/maps\/embed?pb=!1m92!1m12!1m3!1d645925.2457509678!2d10.223354425003304!3d50.772876485310974!2m3!1f0!2f0!3f0!3m2!1i1024!2i768!4f13.1!4m77!3e6!4m3!3m2!1d50.6171!2d11.4331!4m3!3m2!1d50.6719!2d11.2593!4m3!3m2!1d50.6111!2d11.1447!4m3!3m2!1d50.581199999999995!2d11.0518!4m3!3m2!1d50.6321!2d10.7816!4m3!3m2!1d50.6809!2d10.6875!4m3!3m2!1d50.7664!2d10.4584!4m3!3m2!1d50.8465!2d10.37!4m3!3m2!1d50.894!2d10.3378!4m3!3m2!1d50.9448!2d10.3121!4m3!3m2!1d50.9157!2d10.407399999999999!4m3!3m2!1d50.8655!2d10.431899999999999!4m3!3m2!1d50.8395!2d10.4062!4m3!3m2!1d50.846399999999996!2d10.4809!4m3!3m2!1d50.867999999999995!2d10.541!4m3!3m2!1d50.7887!2d10.473099999999999!4m3!3m2!1d50.771699999999996!2d10.5633!4m3!3m2!1d50.818999999999996!2d10.7285!4m3!3m2!1d50.6826!2d10.6881!5e0!3m2!1sde!2sde!4v1706545604480!5m2!1sde!2sde\" width=\"600\" height=\"450\" allowfullscreen=\"allowfullscreen\"><\/iframe><br \/>\n<a href=\"https:\/\/www.contino-tour.de\/?page_id=6694\"><span style=\"color: #ff0000;\">zur\u00fcck<\/span><\/a><\/p>\n","protected":false},"excerpt":{"rendered":"<p>Route f\u00fcr die TouR 2020 &#8222;Th\u00fcringen&#8220; Hier seht ihr nur die Touren die wir dort gefahren sind, also ohne An- und R\u00fcckreise. Die waren nicht so spannend. Route 1 Route 2 Route 3 Route 4 Route 5 Route 6 zur\u00fcck<\/p>\n","protected":false},"author":1,"featured_media":0,"parent":6694,"menu_order":0,"comment_status":"closed","ping_status":"closed","template":"","meta":{"footnotes":""},"class_list":["post-6728","page","type-page","status-publish","hentry"],"_links":{"self":[{"href":"https:\/\/www.contino-tour.de\/index.php?rest_route=\/wp\/v2\/pages\/6728","targetHints":{"allow":["GET"]}}],"collection":[{"href":"https:\/\/www.contino-tour.de\/index.php?rest_route=\/wp\/v2\/pages"}],"about":[{"href":"https:\/\/www.contino-tour.de\/index.php?rest_route=\/wp\/v2\/types\/page"}],"author":[{"embeddable":true,"href":"https:\/\/www.contino-tour.de\/index.php?rest_route=\/wp\/v2\/users\/1"}],"replies":[{"embeddable":true,"href":"https:\/\/www.contino-tour.de\/index.php?rest_route=%2Fwp%2Fv2%2Fcomments&post=6728"}],"version-history":[{"count":5,"href":"https:\/\/www.contino-tour.de\/index.php?rest_route=\/wp\/v2\/pages\/6728\/revisions"}],"predecessor-version":[{"id":6735,"href":"https:\/\/www.contino-tour.de\/index.php?rest_route=\/wp\/v2\/pages\/6728\/revisions\/6735"}],"up":[{"embeddable":true,"href":"https:\/\/www.contino-tour.de\/index.php?rest_route=\/wp\/v2\/pages\/6694"}],"wp:attachment":[{"href":"https:\/\/www.contino-tour.de\/index.php?rest_route=%2Fwp%2Fv2%2Fmedia&parent=6728"}],"curies":[{"name":"wp","href":"https:\/\/api.w.org\/{rel}","templated":true}]}}