{"id":6759,"date":"2024-01-29T18:23:11","date_gmt":"2024-01-29T17:23:11","guid":{"rendered":"https:\/\/www.contino-tour.de\/?page_id=6759"},"modified":"2024-01-29T18:33:28","modified_gmt":"2024-01-29T17:33:28","slug":"route-2017-das-lohri","status":"publish","type":"page","link":"https:\/\/www.contino-tour.de\/?page_id=6759","title":{"rendered":"Route 2017 &#8211; DAS LOHRI"},"content":{"rendered":"<h4>Unsere Route f\u00fcr die TouR 2017 &#8222;DAS LOHRI&#8220;<\/h4>\n<p><span style=\"font-size: 10pt;\">Sollte keine Route (blaue Linie) in den Karten angezeigt werden,<\/span><br \/>\n<span style=\"font-size: 10pt;\">liegt das an den noch (winter-) gesperrten Stra\u00dfen.<\/span><\/p>\n<p style=\"text-align: center;\">Tag 1<br \/>\n<iframe loading=\"lazy\" style=\"border: 0;\" src=\"https:\/\/www.google.com\/maps\/embed?pb=!1m52!1m12!1m3!1d331921.8080985915!2d8.398684876173368!3d48.01131642167064!2m3!1f0!2f0!3f0!3m2!1i1024!2i768!4f13.1!4m37!3e0!4m3!3m2!1d47.9557357!2d8.4994515!4m3!3m2!1d47.5676!2d9.84928!4m3!3m2!1d47.4407!2d9.923119999999999!4m3!3m2!1d47.2684!2d10.1599!4m3!3m2!1d47.3242!2d10.5344!4m3!3m2!1d47.244299999999996!2d10.8848!4m3!3m2!1d47.2232!2d11.0581!4m3!3m2!1d47.2633!2d11.357199999999999!4m3!3m2!1d47.2641!2d11.6115!5e0!3m2!1sde!2sde!4v1706549116264!5m2!1sde!2sde\" width=\"600\" height=\"450\" allowfullscreen=\"allowfullscreen\"><\/iframe><br \/>\nTag 2<br \/>\n<iframe loading=\"lazy\" style=\"border: 0;\" src=\"https:\/\/www.google.com\/maps\/embed?pb=!1m72!1m12!1m3!1d1392791.1043197983!2d11.442457818275416!3d47.01481174543423!2m3!1f0!2f0!3f0!3m2!1i1024!2i768!4f13.1!4m57!3e6!4m3!3m2!1d47.2641!2d11.6115!4m3!3m2!1d47.2266!2d12.1821!4m3!3m2!1d47.2073!2d12.8325!4m3!3m2!1d47.123799999999996!2d12.8307!4m3!3m2!1d47.075599999999994!2d12.751!4m3!3m2!1d47.058!2d12.832099999999999!4m3!3m2!1d46.8589!2d12.9035!4m3!3m2!1d46.8306!2d13.463899999999999!4m3!3m2!1d46.9614!2d13.626299999999999!4m3!3m2!1d46.9259!2d13.7576!4m3!3m2!1d46.89!2d13.824499999999999!4m3!3m2!1d46.877399999999994!2d13.860399999999998!4m3!3m2!1d46.851499999999994!2d13.8918!4m3!3m2!1d46.8176!2d13.8553!5e0!3m2!1sde!2sde!4v1706549149470!5m2!1sde!2sde\" width=\"600\" height=\"450\" allowfullscreen=\"allowfullscreen\"><\/iframe><br \/>\nTag 3<br \/>\n<iframe loading=\"lazy\" style=\"border: 0;\" src=\"https:\/\/www.google.com\/maps\/embed?pb=!1m84!1m12!1m3!1d704809.5745812351!2d13.564930777345065!3d46.36616583355015!2m3!1f0!2f0!3f0!3m2!1i1024!2i768!4f13.1!4m69!3e6!4m3!3m2!1d46.8176!2d13.8553!4m3!3m2!1d46.6729!2d14.0445!4m3!3m2!1d46.5293!2d14.140699999999999!4m3!3m2!1d46.4737!2d14.4032!4m3!3m2!1d46.4191!2d14.5292!4m3!3m2!1d46.3131!2d14.2393!4m3!3m2!1d46.379999999999995!2d14.075!4m3!3m2!1d46.3428!2d13.9857!4m3!3m2!1d46.2902!2d13.9606!4m3!3m2!1d46.226499999999994!2d14.0282!4m3!3m2!1d46.2129!2d13.994!4m3!3m2!1d46.152499999999996!2d13.8629!4m3!3m2!1d46.138799999999996!2d13.9596!4m3!3m2!1d46.129799999999996!2d14.002899999999999!4m3!3m2!1d46.1059!2d14.061399999999999!4m3!3m2!1d46.0349!2d14.1099!4m3!3m2!1d45.918299999999995!2d14.2297!5e0!3m2!1sde!2sde!4v1706549182029!5m2!1sde!2sde\" width=\"600\" height=\"450\" allowfullscreen=\"allowfullscreen\"><\/iframe><br \/>\nTag 4<br \/>\n<iframe loading=\"lazy\" style=\"border: 0;\" src=\"https:\/\/www.google.com\/maps\/embed?pb=!1m76!1m12!1m3!1d719360.2812777546!2d14.161714215368765!3d45.227545455626405!2m3!1f0!2f0!3f0!3m2!1i1024!2i768!4f13.1!4m61!3e6!4m3!3m2!1d45.918299999999995!2d14.2297!4m3!3m2!1d45.7865!2d14.377899999999999!4m3!3m2!1d45.642199999999995!2d14.569799999999999!4m3!3m2!1d45.5605!2d14.6958!4m3!3m2!1d45.5323!2d14.7289!4m3!3m2!1d45.5075!2d14.7882!4m3!3m2!1d45.474199999999996!2d14.909099999999999!4m3!3m2!1d45.357!2d15.1017!4m3!3m2!1d45.2651!2d15.175899999999999!4m3!3m2!1d45.1622!2d15.0579!4m3!3m2!1d44.991499999999995!2d15.0727!4m3!3m2!1d44.914699999999996!2d15.158399999999999!4m3!3m2!1d44.844!2d15.287199999999999!4m3!3m2!1d44.5405!2d15.3502!4m3!3m2!1d44.5502!2d15.376199999999999!5e0!3m2!1sde!2sde!4v1706549222730!5m2!1sde!2sde\" width=\"600\" height=\"450\" allowfullscreen=\"allowfullscreen\"><\/iframe><br \/>\nTagestour 01<br \/>\n<iframe loading=\"lazy\" style=\"border: 0;\" src=\"https:\/\/www.google.com\/maps\/embed?pb=!1m76!1m12!1m3!1d362579.9111267808!2d14.815124775781113!3d44.767438983464416!2m3!1f0!2f0!3f0!3m2!1i1024!2i768!4f13.1!4m61!3e6!4m3!3m2!1d44.5502!2d15.376199999999999!4m3!3m2!1d44.6015!2d15.3104!4m3!3m2!1d44.6455!2d15.1938!4m3!3m2!1d44.7277!2d15.0499!4m3!3m2!1d44.8328!2d15.0483!4m3!3m2!1d44.9366!2d14.9216!4m3!3m2!1d44.9863!2d14.9164!4m3!3m2!1d44.977999999999994!2d14.990699999999999!4m3!3m2!1d44.9553!2d15.032599999999999!4m3!3m2!1d44.9223!2d15.0711!4m3!3m2!1d44.8985!2d15.1685!4m3!3m2!1d44.8538!2d15.154599999999999!4m3!3m2!1d44.779599999999995!2d15.182799999999999!4m3!3m2!1d44.607099999999996!2d15.330699999999998!4m3!3m2!1d44.5502!2d15.376199999999999!5e0!3m2!1sde!2sde!4v1706549289497!5m2!1sde!2sde\" width=\"600\" height=\"450\" allowfullscreen=\"allowfullscreen\"><\/iframe><br \/>\nTagestour 02<br \/>\n<iframe loading=\"lazy\" style=\"border: 0;\" src=\"https:\/\/www.google.com\/maps\/embed?pb=!1m44!1m12!1m3!1d729550.5392765391!2d14.55505267970962!3d44.41661021730196!2m3!1f0!2f0!3f0!3m2!1i1024!2i768!4f13.1!4m29!3e6!4m3!3m2!1d44.5502!2d15.376199999999999!4m3!3m2!1d44.521699999999996!2d15.0811!4m3!3m2!1d44.2245!2d15.4405!4m3!3m2!1d44.366499999999995!2d15.1732!4m3!3m2!1d44.561499999999995!2d14.9278!4m3!3m2!1d44.5929!2d14.9934!4m3!3m2!1d44.5496!2d15.3758!5e0!3m2!1sde!2sde!4v1706549343058!5m2!1sde!2sde\" width=\"600\" height=\"450\" allowfullscreen=\"allowfullscreen\"><\/iframe><br \/>\nTagestour 03<br \/>\n<iframe loading=\"lazy\" style=\"border: 0;\" src=\"https:\/\/www.google.com\/maps\/embed?pb=!1m56!1m12!1m3!1d725069.1789406607!2d14.719854713675629!3d44.774658742249215!2m3!1f0!2f0!3f0!3m2!1i1024!2i768!4f13.1!4m41!3e6!4m3!3m2!1d44.5502!2d15.376199999999999!4m3!3m2!1d44.634299999999996!2d15.487599999999999!4m3!3m2!1d44.681799999999996!2d15.6411!4m3!3m2!1d44.785!2d15.687399999999998!4m3!3m2!1d44.929199999999994!2d15.619499999999999!4m3!3m2!1d45.0012!2d15.419099999999998!4m3!3m2!1d44.8715!2d15.215599999999998!4m3!3m2!1d44.815599999999996!2d15.109!4m3!3m2!1d44.695699999999995!2d15.375399999999999!4m3!3m2!1d44.55!2d15.3761!5e0!3m2!1sde!2sde!4v1706549380265!5m2!1sde!2sde\" width=\"600\" height=\"450\" allowfullscreen=\"allowfullscreen\"><\/iframe><br \/>\nR\u00fcckreise 01<br \/>\n<iframe loading=\"lazy\" style=\"border: 0;\" src=\"https:\/\/www.google.com\/maps\/embed?pb=!1m68!1m12!1m3!1d1436413.5937903388!2d13.238677371349665!3d45.31861983348959!2m3!1f0!2f0!3f0!3m2!1i1024!2i768!4f13.1!4m53!3e6!4m3!3m2!1d44.5502!2d15.376199999999999!4m3!3m2!1d44.686099999999996!2d14.9324!4m3!3m2!1d45.283699999999996!2d14.579799999999999!4m3!3m2!1d45.3444!2d14.4126!4m3!3m2!1d45.4785!2d14.2949!4m3!3m2!1d45.6244!2d14.162999999999998!4m3!3m2!1d45.774899999999995!2d14.149099999999999!4m3!3m2!1d45.806!2d13.966199999999999!4m3!3m2!1d45.8865!2d13.919699999999999!4m3!3m2!1d45.9613!2d14.089799999999999!4m3!3m2!1d46.0685!2d13.995899999999999!4m3!3m2!1d46.105!2d13.8204!4m3!3m2!1d46.1522!2d13.7393!5e0!3m2!1sde!2sde!4v1706549432735!5m2!1sde!2sde\" width=\"600\" height=\"450\" allowfullscreen=\"allowfullscreen\"><\/iframe><br \/>\nR\u00fcckreise 02<br \/>\n<iframe loading=\"lazy\" style=\"border: 0;\" src=\"https:\/\/www.google.com\/maps\/embed?pb=!1m92!1m12!1m3!1d1412204.3685643808!2d11.64401734216964!3d46.265897832332655!2m3!1f0!2f0!3f0!3m2!1i1024!2i768!4f13.1!4m77!3e6!4m3!3m2!1d46.1523!2d13.7393!4m3!3m2!1d46.1509!2d13.715499999999999!4m3!3m2!1d46.105199999999996!2d13.617199999999999!4m3!3m2!1d46.181!2d13.6648!4m3!3m2!1d46.3379!2d13.573799999999999!4m3!3m2!1d46.384!2d13.754199999999999!4m3!3m2!1d46.4889!2d13.7836!4m3!3m2!1d46.491499999999995!2d13.586699999999999!4m3!3m2!1d46.444399999999995!2d13.6451!4m3!3m2!1d46.4263!2d13.565399999999999!4m3!3m2!1d46.3963!2d13.2789!4m3!3m2!1d46.4064!2d12.986099999999999!4m3!3m2!1d46.357099999999996!2d12.7814!4m3!3m2!1d46.2617!2d12.7656!4m3!3m2!1d46.2249!2d12.760299999999999!4m3!3m2!1d46.2085!2d12.6951!4m3!3m2!1d46.1935!2d12.593499999999999!4m3!3m2!1d46.2639!2d12.2899!4m3!3m2!1d46.355999999999995!2d12.144!5e0!3m2!1sde!2sde!4v1706549471664!5m2!1sde!2sde\" width=\"600\" height=\"450\" allowfullscreen=\"allowfullscreen\"><\/iframe><br \/>\nR\u00fcckreise 03<br \/>\n<iframe loading=\"lazy\" style=\"border: 0;\" src=\"https:\/\/www.google.com\/maps\/embed?pb=!1m64!1m12!1m3!1d701520.7192271295!2d10.99658374640806!3d46.6205325681874!2m3!1f0!2f0!3f0!3m2!1i1024!2i768!4f13.1!4m49!3e6!4m3!3m2!1d46.355999999999995!2d12.144!4m3!3m2!1d46.385!2d12.1152!4m3!3m2!1d46.482499999999995!2d12.053799999999999!4m3!3m2!1d46.5229!2d12.1092!4m3!3m2!1d46.4954!2d11.9247!4m3!3m2!1d46.4738!2d11.7751!4m3!3m2!1d46.4129!2d11.6664!4m3!3m2!1d46.460699999999996!2d11.5946!4m3!3m2!1d46.497099999999996!2d11.34!4m3!3m2!1d46.640699999999995!2d11.3592!4m3!3m2!1d46.8869!2d11.421899999999999!4m3!3m2!1d46.7012!2d11.1776!5e0!3m2!1sde!2sde!4v1706549506173!5m2!1sde!2sde\" width=\"600\" height=\"450\" allowfullscreen=\"allowfullscreen\"><\/iframe><br \/>\nR\u00fcckreise 04<br \/>\n<iframe loading=\"lazy\" style=\"border: 0;\" src=\"https:\/\/www.google.com\/maps\/embed?pb=!1m60!1m12!1m3!1d170763.16247808118!2d8.37253914420501!3d48.029658034500734!2m3!1f0!2f0!3f0!3m2!1i1024!2i768!4f13.1!4m45!3e0!4m3!3m2!1d46.7012!2d11.1776!4m3!3m2!1d46.8966!2d11.040199999999999!4m3!3m2!1d47.2114!2d10.8563!4m3!3m2!1d47.2576!2d10.7381!4m3!3m2!1d47.3336!2d10.5381!4m3!3m2!1d47.445299999999996!2d10.6398!4m3!3m2!1d47.5073!2d10.3812!4m3!3m2!1d47.6065!2d9.92451!4m3!3m2!1d47.7176!2d9.24913!4m3!3m2!1d47.839099999999995!2d9.00671!4m3!3m2!1d48.0989189!2d8.4194511!5e0!3m2!1sde!2sde!4v1706549570534!5m2!1sde!2sde\" width=\"600\" height=\"450\" allowfullscreen=\"allowfullscreen\"><\/iframe><br \/>\n<a href=\"https:\/\/www.contino-tour.de\/?page_id=6694\"><span style=\"color: #ff0000;\">zur\u00fcck<\/span><\/a><\/p>\n","protected":false},"excerpt":{"rendered":"<p>Unsere Route f\u00fcr die TouR 2017 &#8222;DAS LOHRI&#8220; Sollte keine Route (blaue Linie) in den Karten angezeigt werden, liegt das an den noch (winter-) gesperrten Stra\u00dfen. Tag 1 Tag 2 Tag 3 Tag 4 Tagestour 01 Tagestour 02 Tagestour 03 R\u00fcckreise 01 R\u00fcckreise 02 R\u00fcckreise 03 R\u00fcckreise 04 zur\u00fcck<\/p>\n","protected":false},"author":1,"featured_media":0,"parent":6694,"menu_order":0,"comment_status":"closed","ping_status":"closed","template":"","meta":{"footnotes":""},"class_list":["post-6759","page","type-page","status-publish","hentry"],"_links":{"self":[{"href":"https:\/\/www.contino-tour.de\/index.php?rest_route=\/wp\/v2\/pages\/6759","targetHints":{"allow":["GET"]}}],"collection":[{"href":"https:\/\/www.contino-tour.de\/index.php?rest_route=\/wp\/v2\/pages"}],"about":[{"href":"https:\/\/www.contino-tour.de\/index.php?rest_route=\/wp\/v2\/types\/page"}],"author":[{"embeddable":true,"href":"https:\/\/www.contino-tour.de\/index.php?rest_route=\/wp\/v2\/users\/1"}],"replies":[{"embeddable":true,"href":"https:\/\/www.contino-tour.de\/index.php?rest_route=%2Fwp%2Fv2%2Fcomments&post=6759"}],"version-history":[{"count":3,"href":"https:\/\/www.contino-tour.de\/index.php?rest_route=\/wp\/v2\/pages\/6759\/revisions"}],"predecessor-version":[{"id":6762,"href":"https:\/\/www.contino-tour.de\/index.php?rest_route=\/wp\/v2\/pages\/6759\/revisions\/6762"}],"up":[{"embeddable":true,"href":"https:\/\/www.contino-tour.de\/index.php?rest_route=\/wp\/v2\/pages\/6694"}],"wp:attachment":[{"href":"https:\/\/www.contino-tour.de\/index.php?rest_route=%2Fwp%2Fv2%2Fmedia&parent=6759"}],"curies":[{"name":"wp","href":"https:\/\/api.w.org\/{rel}","templated":true}]}}